{"id":17,"date":"2017-06-01T11:25:25","date_gmt":"2017-06-01T11:25:25","guid":{"rendered":"http:\/\/wildtraut.de\/?page_id=17"},"modified":"2018-05-27T12:07:28","modified_gmt":"2018-05-27T12:07:28","slug":"impressum-und-datenschutzerklaerung","status":"publish","type":"page","link":"https:\/\/wildtraut.de\/?page_id=17","title":{"rendered":"Impressum"},"content":{"rendered":"<h1>Impressum<\/h1>\n<p>&nbsp;<\/p>\n<p>Erika Wildtraut<br \/>\nFriedrich-Ebert Strasse 101<br \/>\n41236 M\u00f6nchengladbach,<br \/>\nTel.: 02166 \/ 9988849<\/p>\n<p>E-Mail Kontakt: Wildtraut@t-online.de<\/p>\n<p>Nach \u00a7 5 TMG (Telemediengesetz)<\/p>\n<p>Inhalt und Struktur von www.wildtraut.de sind urheberrechtlich gesch\u00fctzt. Das Ver\u00f6ffentlichen von Text- und Bildmaterial sowie die Vervielf\u00e4ltigung, \u00c4nderung und Verbreitung von Informationen oder Daten, die diesen Seiten entnommen wurden, ist nur nach vorheriger Zustimmung m\u00f6glich.<\/p>\n<p>Der Inhalt von www.wildtraut.de wird von uns regelm\u00e4\u00dfig gepr\u00fcft und aktualisiert. Trotz aller Sorgfalt kann f\u00fcr die Richtigkeit, Vollst\u00e4ndigkeit und Aktualit\u00e4t der zur Verf\u00fcgung gestellten Informationen keine Haftung \u00fcbernommen werden. Gleiches gilt auch f\u00fcr Internetseiten Dritter, auf die www.wildtraut.de mittels Hyperlink verweist. Der Betreiber der Webseite\u00a0ist f\u00fcr den Inhalt solcher Webseiten nicht verantwortlich.<\/p>\n","protected":false},"excerpt":{"rendered":"<p>Impressum &nbsp; Erika Wildtraut Friedrich-Ebert Strasse 101 41236 M\u00f6nchengladbach, Tel.: 02166 \/ 9988849 E-Mail Kontakt: Wildtraut@t-online.de Nach \u00a7 5 TMG (Telemediengesetz) Inhalt und Struktur von www.wildtraut.de sind urheberrechtlich gesch\u00fctzt. Das Ver\u00f6ffentlichen von Text- und Bildmaterial sowie die Vervielf\u00e4ltigung, \u00c4nderung und Verbreitung von Informationen oder Daten, die diesen Seiten entnommen wurden, ist nur nach vorheriger Zustimmung &hellip; <\/p>\n<p class=\"link-more\"><a href=\"https:\/\/wildtraut.de\/?page_id=17\" class=\"more-link\"><span class=\"screen-reader-text\">\u201eImpressum\u201c<\/span> weiterlesen<\/a><\/p>\n","protected":false},"author":1,"featured_media":0,"parent":0,"menu_order":0,"comment_status":"closed","ping_status":"closed","template":"","meta":[],"_links":{"self":[{"href":"https:\/\/wildtraut.de\/index.php?rest_route=\/wp\/v2\/pages\/17"}],"collection":[{"href":"https:\/\/wildtraut.de\/index.php?rest_route=\/wp\/v2\/pages"}],"about":[{"href":"https:\/\/wildtraut.de\/index.php?rest_route=\/wp\/v2\/types\/page"}],"author":[{"embeddable":true,"href":"https:\/\/wildtraut.de\/index.php?rest_route=\/wp\/v2\/users\/1"}],"replies":[{"embeddable":true,"href":"https:\/\/wildtraut.de\/index.php?rest_route=%2Fwp%2Fv2%2Fcomments&post=17"}],"version-history":[{"count":5,"href":"https:\/\/wildtraut.de\/index.php?rest_route=\/wp\/v2\/pages\/17\/revisions"}],"predecessor-version":[{"id":623,"href":"https:\/\/wildtraut.de\/index.php?rest_route=\/wp\/v2\/pages\/17\/revisions\/623"}],"wp:attachment":[{"href":"https:\/\/wildtraut.de\/index.php?rest_route=%2Fwp%2Fv2%2Fmedia&parent=17"}],"curies":[{"name":"wp","href":"https:\/\/api.w.org\/{rel}","templated":true}]}}